{"id":7702,"date":"2026-01-22T19:57:23","date_gmt":"2026-01-22T18:57:23","guid":{"rendered":"https:\/\/pflegeteamnoor.de\/?page_id=7702"},"modified":"2026-04-13T13:57:53","modified_gmt":"2026-04-13T11:57:53","slug":"datenschutz","status":"publish","type":"page","link":"https:\/\/pflegeteamnoor.de\/?page_id=7702","title":{"rendered":"Datenschutz"},"content":{"rendered":"<div class=\"wpb-content-wrapper\"><p>[vc_row][vc_column][vc_column_text css=&#8221;&#8221;]<\/p>\n<p data-start=\"268\" data-end=\"539\">Der Schutz Ihrer pers\u00f6nlichen Daten ist uns ein besonderes Anliegen. Wir behandeln Ihre personenbezogenen Daten vertraulich und entsprechend der gesetzlichen Datenschutzvorschriften, insbesondere der Datenschutz-Grundverordnung (DSGVO), sowie dieser Datenschutzerkl\u00e4rung.<\/p>\n<hr data-start=\"541\" data-end=\"544\">\n<h2 data-section-id=\"2olr7c\" data-start=\"546\" data-end=\"565\">Verantwortlicher<\/h2>\n<p data-start=\"567\" data-end=\"631\">Verantwortlich f\u00fcr die Datenverarbeitung auf dieser Website ist:<\/p>\n<p data-start=\"633\" data-end=\"699\">Pflegeteam Noor GmbH &amp; Co. KG<br data-start=\"662\" data-end=\"665\">Dratelnstr. 20<br data-start=\"679\" data-end=\"682\">D-21109 Hamburg<\/p>\n<p data-start=\"701\" data-end=\"763\">Telefon: 040 &#8211; 60 77 45 50<br data-start=\"727\" data-end=\"730\">E-Mail: <a class=\"decorated-link cursor-pointer\" rel=\"noopener\" data-start=\"738\" data-end=\"761\">info@pflegeteam-noor.de<\/a><\/p>\n<p data-start=\"765\" data-end=\"796\">Vertreten durch: Soheila Noor<\/p>\n<hr data-start=\"798\" data-end=\"801\">\n<h2 data-section-id=\"1kxh6hz\" data-start=\"803\" data-end=\"855\">Erhebung und Verarbeitung personenbezogener Daten<\/h2>\n<p data-start=\"857\" data-end=\"1048\">Personenbezogene Daten werden von uns nur erhoben, wenn Sie uns diese freiwillig mitteilen. Dies erfolgt insbesondere im Rahmen einer Kontaktaufnahme per Kontaktformular, E-Mail oder Telefon.<\/p>\n<p data-start=\"1050\" data-end=\"1193\">Dabei k\u00f6nnen insbesondere folgende Daten verarbeitet werden: Ihr Name, Ihre Telefonnummer, Ihre E-Mail-Adresse sowie die Inhalte Ihrer Anfrage.<\/p>\n<hr data-start=\"1195\" data-end=\"1198\">\n<h2 data-section-id=\"1iozxh4\" data-start=\"1200\" data-end=\"1230\">Zweck der Datenverarbeitung<\/h2>\n<p data-start=\"1232\" data-end=\"1455\">Die Verarbeitung Ihrer personenbezogenen Daten erfolgt ausschlie\u00dflich zur Bearbeitung Ihrer Anfrage, zur Kontaktaufnahme mit Ihnen sowie zur Vorbereitung und Durchf\u00fchrung unserer Leistungen im Bereich der ambulanten Pflege.<\/p>\n<hr data-start=\"1457\" data-end=\"1460\">\n<h2 data-section-id=\"1oce9to\" data-start=\"1462\" data-end=\"1497\">Rechtsgrundlage der Verarbeitung<\/h2>\n<p data-start=\"1499\" data-end=\"1869\">Die Verarbeitung Ihrer Daten erfolgt auf Grundlage von Art. 6 Abs. 1 lit. b DSGVO, sofern Ihre Anfrage im Zusammenhang mit der Anbahnung oder Durchf\u00fchrung eines Vertrags steht. In allen \u00fcbrigen F\u00e4llen erfolgt die Verarbeitung auf Grundlage unseres berechtigten Interesses gem\u00e4\u00df Art. 6 Abs. 1 lit. f DSGVO an einer effizienten Bearbeitung der an uns gerichteten Anfragen.<\/p>\n<hr data-start=\"1871\" data-end=\"1874\">\n<h2 data-section-id=\"8bo9cp\" data-start=\"1876\" data-end=\"1894\">Kontaktformular<\/h2>\n<p data-start=\"1896\" data-end=\"2175\">Wenn Sie uns \u00fcber das auf der Website bereitgestellte Kontaktformular kontaktieren, werden die von Ihnen eingegebenen Daten zum Zwecke der Bearbeitung Ihrer Anfrage sowie f\u00fcr m\u00f6gliche Anschlussfragen bei uns gespeichert. Diese Daten geben wir nicht ohne Ihre Einwilligung weiter.<\/p>\n<hr data-start=\"2177\" data-end=\"2180\">\n<h2 data-section-id=\"9xnhyq\" data-start=\"2182\" data-end=\"2192\">Cookies<\/h2>\n<p data-start=\"2194\" data-end=\"2453\">Unsere Website verwendet ausschlie\u00dflich technisch notwendige Cookies. Diese Cookies sind erforderlich, um die grundlegenden Funktionen der Website sicherzustellen, beispielsweise die korrekte Darstellung der Seite oder die Funktionalit\u00e4t des Kontaktformulars.<\/p>\n<p data-start=\"2455\" data-end=\"2665\">Die Verarbeitung erfolgt auf Grundlage von \u00a7 25 Abs. 2 TTDSG sowie Art. 6 Abs. 1 lit. f DSGVO, da ein berechtigtes Interesse an der technisch fehlerfreien und optimierten Bereitstellung unserer Website besteht.<\/p>\n<hr data-start=\"2667\" data-end=\"2670\">\n<h2 data-section-id=\"1gpme91\" data-start=\"2672\" data-end=\"2682\">Hosting<\/h2>\n<p data-start=\"2684\" data-end=\"3002\">Unsere Website wird bei einem externen Dienstleister gehostet. Dabei k\u00f6nnen personenbezogene Daten, die \u00fcber diese Website erfasst werden, auf den Servern des Hosters verarbeitet werden. Hierbei kann es sich insbesondere um IP-Adressen, Kontaktanfragen oder andere Daten handeln, die \u00fcber die Website generiert werden.<\/p>\n<p data-start=\"3004\" data-end=\"3094\">Mit dem Hosting-Anbieter besteht ein Vertrag zur Auftragsverarbeitung gem\u00e4\u00df Art. 28 DSGVO.<\/p>\n<hr data-start=\"3096\" data-end=\"3099\">\n<h2 data-section-id=\"14na6s1\" data-start=\"3101\" data-end=\"3124\">Weitergabe von Daten<\/h2>\n<p data-start=\"3126\" data-end=\"3327\">Eine Weitergabe Ihrer personenbezogenen Daten an Dritte erfolgt nur, wenn dies gesetzlich zul\u00e4ssig ist oder Sie ausdr\u00fccklich eingewilligt haben. Eine \u00dcbermittlung zu anderen Zwecken findet nicht statt.<\/p>\n<hr data-start=\"3329\" data-end=\"3332\">\n<h2 data-section-id=\"12k31kh\" data-start=\"3334\" data-end=\"3350\">Speicherdauer<\/h2>\n<p data-start=\"3352\" data-end=\"3598\">Ihre personenbezogenen Daten werden nur so lange gespeichert, wie dies zur Erf\u00fcllung der jeweiligen Zwecke erforderlich ist oder gesetzliche Aufbewahrungsfristen bestehen. Nach Wegfall des jeweiligen Zwecks werden die Daten entsprechend gel\u00f6scht.<\/p>\n<hr data-start=\"3600\" data-end=\"3603\">\n<h2 data-section-id=\"114x1z2\" data-start=\"3605\" data-end=\"3619\">Ihre Rechte<\/h2>\n<p data-start=\"3621\" data-end=\"3845\">Sie haben im Rahmen der geltenden gesetzlichen Bestimmungen jederzeit das Recht auf unentgeltliche Auskunft \u00fcber Ihre gespeicherten personenbezogenen Daten, deren Herkunft und Empf\u00e4nger sowie den Zweck der Datenverarbeitung.<\/p>\n<p data-start=\"3847\" data-end=\"4079\">Dar\u00fcber hinaus haben Sie ein Recht auf Berichtigung unrichtiger Daten, auf L\u00f6schung Ihrer Daten, auf Einschr\u00e4nkung der Verarbeitung sowie auf Widerspruch gegen die Verarbeitung. Au\u00dferdem haben Sie das Recht auf Daten\u00fcbertragbarkeit.<\/p>\n<p data-start=\"4081\" data-end=\"4170\">Zudem steht Ihnen ein Beschwerderecht bei der zust\u00e4ndigen Datenschutzaufsichtsbeh\u00f6rde zu.<\/p>\n<hr data-start=\"4172\" data-end=\"4175\">\n<h2 data-section-id=\"1ulxybj\" data-start=\"4177\" data-end=\"4209\">SSL- bzw. TLS-Verschl\u00fcsselung<\/h2>\n<p data-start=\"4211\" data-end=\"4455\">Diese Website nutzt aus Sicherheitsgr\u00fcnden und zum Schutz der \u00dcbertragung vertraulicher Inhalte eine SSL- bzw. TLS-Verschl\u00fcsselung. Dadurch wird sichergestellt, dass Daten, die Sie an uns \u00fcbermitteln, nicht von Dritten mitgelesen werden k\u00f6nnen.<\/p>\n<p>[\/vc_column_text][\/vc_column][\/vc_row]<\/p>\n<\/div>","protected":false},"excerpt":{"rendered":"<p>[vc_row][vc_column][vc_column_text css=&#8221;&#8221;] Der Schutz Ihrer pers\u00f6nlichen Daten ist uns ein besonderes Anliegen. Wir behandeln Ihre personenbezogenen Daten vertraulich und entsprechend [&hellip;]<\/p>\n","protected":false},"author":1,"featured_media":0,"parent":0,"menu_order":0,"comment_status":"closed","ping_status":"closed","template":"","meta":{"footnotes":""},"class_list":["post-7702","page","type-page","status-publish","hentry"],"_links":{"self":[{"href":"https:\/\/pflegeteamnoor.de\/index.php?rest_route=\/wp\/v2\/pages\/7702","targetHints":{"allow":["GET"]}}],"collection":[{"href":"https:\/\/pflegeteamnoor.de\/index.php?rest_route=\/wp\/v2\/pages"}],"about":[{"href":"https:\/\/pflegeteamnoor.de\/index.php?rest_route=\/wp\/v2\/types\/page"}],"author":[{"embeddable":true,"href":"https:\/\/pflegeteamnoor.de\/index.php?rest_route=\/wp\/v2\/users\/1"}],"replies":[{"embeddable":true,"href":"https:\/\/pflegeteamnoor.de\/index.php?rest_route=%2Fwp%2Fv2%2Fcomments&post=7702"}],"version-history":[{"count":2,"href":"https:\/\/pflegeteamnoor.de\/index.php?rest_route=\/wp\/v2\/pages\/7702\/revisions"}],"predecessor-version":[{"id":7712,"href":"https:\/\/pflegeteamnoor.de\/index.php?rest_route=\/wp\/v2\/pages\/7702\/revisions\/7712"}],"wp:attachment":[{"href":"https:\/\/pflegeteamnoor.de\/index.php?rest_route=%2Fwp%2Fv2%2Fmedia&parent=7702"}],"curies":[{"name":"wp","href":"https:\/\/api.w.org\/{rel}","templated":true}]}}