{"id":7700,"date":"2026-01-22T19:54:06","date_gmt":"2026-01-22T18:54:06","guid":{"rendered":"https:\/\/pflegeteamnoor.de\/?page_id=7700"},"modified":"2026-04-15T23:24:25","modified_gmt":"2026-04-15T21:24:25","slug":"impressum","status":"publish","type":"page","link":"https:\/\/pflegeteamnoor.de\/?page_id=7700","title":{"rendered":"Impressum"},"content":{"rendered":"<div class=\"wpb-content-wrapper\"><p>[vc_row][vc_column][vc_column_text css=&#8221;&#8221;]<\/p>\n<p data-start=\"95\" data-end=\"120\"><strong data-start=\"95\" data-end=\"120\">Angaben gem\u00e4\u00df \u00a7 5 TMG<\/strong><\/p>\n<p data-start=\"122\" data-end=\"186\"><strong>Pflegeteam Noor GmbH &amp; Co. KG<\/strong><\/p>\n<p data-start=\"188\" data-end=\"222\">Dratelnstr. 20<br data-start=\"202\" data-end=\"205\" \/>D-21109 Hamburg<\/p>\n<hr data-start=\"224\" data-end=\"227\" \/>\n<p class=\"p1\"><strong>Handelsregister:<br \/>\n<\/strong><br \/>\n<strong>Registergericht<\/strong>: Amtsgericht Hamburg<br \/>\n<strong>Registernummer:<\/strong> HRA 129732<\/p>\n<hr data-start=\"224\" data-end=\"227\" \/>\n<p class=\"p1\"><strong>Komplement\u00e4rin<\/strong><\/p>\n<p class=\"p1\">Noor Pflegedienst GmbH<br \/>\nRegistergericht: Amtsgericht Hamburg<br \/>\nRegisternummer: HRB 179046<\/p>\n<hr data-start=\"224\" data-end=\"227\" \/>\n<p class=\"p1\"><strong data-start=\"229\" data-end=\"249\">Vertreten durch:<\/strong><br data-start=\"249\" data-end=\"252\" \/>Soheila Noor<\/p>\n<hr data-start=\"268\" data-end=\"271\" \/>\n<p data-start=\"273\" data-end=\"376\"><strong data-start=\"273\" data-end=\"285\">Kontakt:<\/strong><br data-start=\"285\" data-end=\"288\" \/>Telefon: 040 &#8211; 60 77 45 50<br data-start=\"314\" data-end=\"317\" \/>Fax: 040 &#8211; 60 77 45 588<br data-start=\"340\" data-end=\"343\" \/>E-Mail: <a class=\"decorated-link cursor-pointer\" rel=\"noopener\" data-start=\"351\" data-end=\"374\">info@pflegeteam-noor.de<\/a><\/p>\n<hr data-start=\"378\" data-end=\"381\" \/>\n<p class=\"p1\"><strong>Berufsrechtliche Regelungen<\/strong><\/p>\n<p class=\"p1\">Pflegeteam Noor GmbH &amp; Co. KG ist im Bereich der professionellen Pflege t\u00e4tig und unterliegt den einschl\u00e4gigen berufs- und gewerberechtlichen Vorschriften, insbesondere:<\/p>\n<ul class=\"ul1\">\n<li class=\"li1\">Sozialgesetzbuch XI (SGB XI) &#8211; Soziale Pflegeversicherung<\/li>\n<li class=\"li1\">Sozialgesetzbuch V (SGB V) &#8211; Gesetzliche Krankenversicherung<\/li>\n<li class=\"li1\">Hamburgisches Wohn- und Betreuungsqualit\u00e4tsgesetz (HmbWBG)<\/li>\n<\/ul>\n<hr data-start=\"444\" data-end=\"447\" \/>\n<p class=\"p1\"><strong>Aufsichtsbeh\u00f6rde<\/strong><\/p>\n<p class=\"p1\">Zust\u00e4ndige Aufsichtsbeh\u00f6rde f\u00fcr den Pflegebereich:<\/p>\n<p class=\"p1\"><strong>Beh\u00f6rde f\u00fcr Arbeit, Gesundheit, Soziales, Familie und Integration (Sozialbeh\u00f6rde)<\/strong><br \/>\nHamburger Stra\u00dfe 47 22083 Hamburg<\/p>\n<hr data-start=\"512\" data-end=\"515\" \/>\n<p class=\"p1\"><strong>Streitschlichtung<\/strong><\/p>\n<p class=\"p1\">Die Europ\u00e4ische Kommission stellt eine Plattform zur Online-Streitbeilegung (OS) bereit:<br \/>\n<a href=\"https:\/\/ec.europa.eu\/consumers\/odr\">https:\/\/ec.europa.eu\/consumers\/odr<\/a><\/p>\n<p class=\"p1\">Unsere E-Mail-Adresse finden Sie oben im Impressum.<\/p>\n<p class=\"p1\">Wir sind nicht bereit oder verpflichtet, an Streitbeilegungsverfahren vor einer Verbraucherschlichtungsstelle teilzunehmen.<\/p>\n<hr data-start=\"512\" data-end=\"515\" \/>\n<p class=\"p1\"><strong>Haftung f\u00fcr Inhalte<\/strong><\/p>\n<p class=\"p1\">Als Diensteanbieter sind wir gem\u00e4\u00df \u00a7 7 Abs. 1 TMG f\u00fcr eigene Inhalte auf diesen Seiten nach den allgemeinen Gesetzen verantwortlich. Nach \u00a7\u00a7 8 bis 10 TMG sind wir als Diensteanbieter jedoch nicht verpflichtet, \u00fcbermittelte oder gespeicherte fremde Informationen zu \u00fcberwachen oder nach Umst\u00e4nden zu forschen, die auf eine rechtswidrige T\u00e4tigkeit hinweisen.<\/p>\n<p class=\"p1\">Verpflichtungen zur Entfernung oder Sperrung der Nutzung von Informationen nach den allgemeinen Gesetzen bleiben hiervon unber\u00fchrt. Eine diesbez\u00fcgliche Haftung ist jedoch erst ab dem Zeitpunkt der Kenntnis einer konkreten Rechtsverletzung m\u00f6glich. Bei Bekanntwerden von entsprechenden Rechtsverletzungen werden wir diese Inhalte umgehend entfernen.<\/p>\n<hr data-start=\"1095\" data-end=\"1098\" \/>\n<p class=\"p1\"><strong>Haftung f\u00fcr Links<\/strong><\/p>\n<p class=\"p1\">Unser Angebot enth\u00e4lt Links zu externen Websites Dritter, auf deren Inhalte wir keinen Einfluss haben. Deshalb k\u00f6nnen wir f\u00fcr diese fremden Inhalte auch keine Gew\u00e4hr \u00fcbernehmen. F\u00fcr die Inhalte der verlinkten Seiten ist stets der jeweilige Anbieter oder Betreiber der Seiten verantwortlich.<\/p>\n<hr data-start=\"1095\" data-end=\"1098\" \/>\n<p class=\"p1\"><strong>Urheberrecht<\/strong><\/p>\n<p class=\"p1\">Die durch die Seitenbetreiber erstellten Inhalte und Werke auf diesen Seiten unterliegen dem deutschen Urheberrecht. Die Vervielf\u00e4ltigung, Bearbeitung, Verbreitung und jede Art der Verwertung au\u00dferhalb der Grenzen des Urheberrechtes bed\u00fcrfen der schriftlichen Zustimmung des jeweiligen Autors bzw. Erstellers.<\/p>\n<p>[\/vc_column_text][\/vc_column][\/vc_row]<\/p>\n<\/div>","protected":false},"excerpt":{"rendered":"<p>[vc_row][vc_column][vc_column_text css=&#8221;&#8221;] Angaben gem\u00e4\u00df \u00a7 5 TMG Pflegeteam Noor GmbH &amp; Co. KG Dratelnstr. 20D-21109 Hamburg Handelsregister: Registergericht: Amtsgericht Hamburg [&hellip;]<\/p>\n","protected":false},"author":1,"featured_media":0,"parent":0,"menu_order":0,"comment_status":"closed","ping_status":"closed","template":"","meta":{"footnotes":""},"class_list":["post-7700","page","type-page","status-publish","hentry"],"_links":{"self":[{"href":"https:\/\/pflegeteamnoor.de\/index.php?rest_route=\/wp\/v2\/pages\/7700","targetHints":{"allow":["GET"]}}],"collection":[{"href":"https:\/\/pflegeteamnoor.de\/index.php?rest_route=\/wp\/v2\/pages"}],"about":[{"href":"https:\/\/pflegeteamnoor.de\/index.php?rest_route=\/wp\/v2\/types\/page"}],"author":[{"embeddable":true,"href":"https:\/\/pflegeteamnoor.de\/index.php?rest_route=\/wp\/v2\/users\/1"}],"replies":[{"embeddable":true,"href":"https:\/\/pflegeteamnoor.de\/index.php?rest_route=%2Fwp%2Fv2%2Fcomments&post=7700"}],"version-history":[{"count":5,"href":"https:\/\/pflegeteamnoor.de\/index.php?rest_route=\/wp\/v2\/pages\/7700\/revisions"}],"predecessor-version":[{"id":7716,"href":"https:\/\/pflegeteamnoor.de\/index.php?rest_route=\/wp\/v2\/pages\/7700\/revisions\/7716"}],"wp:attachment":[{"href":"https:\/\/pflegeteamnoor.de\/index.php?rest_route=%2Fwp%2Fv2%2Fmedia&parent=7700"}],"curies":[{"name":"wp","href":"https:\/\/api.w.org\/{rel}","templated":true}]}}