{"id":5720,"date":"2018-10-22T13:45:00","date_gmt":"2018-10-22T13:45:00","guid":{"rendered":"https:\/\/www.ekko-wp.com\/?page_id=5720"},"modified":"2026-04-13T13:36:36","modified_gmt":"2026-04-13T11:36:36","slug":"ueber-uns","status":"publish","type":"page","link":"https:\/\/pflegeteamnoor.de\/?page_id=5720","title":{"rendered":"\u00dcber uns"},"content":{"rendered":"<div class=\"wpb-content-wrapper\"><p>[vc_row full_width=&#8221;stretch_row&#8221; css=&#8221;.vc_custom_1555687939497{background-color: #f5f5f5 !important;}&#8221;][vc_column][vc_row_inner css=&#8221;.vc_custom_1513720913586{padding-top: 100px !important;padding-right: 100px !important;padding-bottom: 80px !important;padding-left: 100px !important;}&#8221;][vc_column_inner width=&#8221;1\/2&#8243; css=&#8221;.vc_custom_1541584818078{padding-right: 20px !important;}&#8221;]<header class=\"kd-section-title col-lg-12 text-left  kd-animated fadeIn   vc_custom_1763301152022\" data-animation-delay=200><h2 class=\"separator_off\" >Wer wir sind<\/h2><h6 class=\"subtitle \" >Wir sind ein engagierter ambulanter Pflegedienst, der Menschen dabei unterst\u00fctzt, auch im Alter oder bei gesundheitlichen Einschr\u00e4nkungen selbstbestimmt in ihrer vertrauten Umgebung zu leben. Unser Anspruch ist es, Pflege nicht nur professionell, sondern vor allem menschlich und respektvoll zu gestalten. Jeder Mensch ist einzigartig \u2013 und genau so begegnen wir unseren Kundinnen und Kunden: individuell, aufmerksam und mit echter Wertsch\u00e4tzung.<\/h6><\/header>[vc_empty_space height=&#8221;20px&#8221;][vc_single_image source=&#8221;external_link&#8221; alignment=&#8221;center&#8221; external_style=&#8221;vc_box_shadow&#8221; css_animation=&#8221;fadeIn&#8221; css=&#8221;.vc_custom_1555687306233{padding-right: 20px !important;}&#8221; custom_src=&#8221;https:\/\/www.ekko-wp.com\/wp-content\/uploads\/sites\/3\/2019\/03\/workspace13.jpg&#8221;][\/vc_column_inner][vc_column_inner width=&#8221;1\/2&#8243; css=&#8221;.vc_custom_1541584821670{padding-left: 20px !important;}&#8221;][vc_single_image image=&#8221;7660&#8243; img_size=&#8221;full&#8221; alignment=&#8221;center&#8221; css_animation=&#8221;fadeIn&#8221; css=&#8221;.vc_custom_1763301636217{padding-left: 20px !important;}&#8221;][vc_empty_space height=&#8221;40px&#8221;]<header class=\"kd-section-title col-lg-12 text-left  kd-animated fadeIn   vc_custom_1763301183374\" data-animation-delay=200><h2 class=\"separator_off\" >Unser Team<\/h2><h6 class=\"subtitle \" >Unser Team besteht aus erfahrenen Pflegefachkr\u00e4ften, Pflegehelferinnen, Hauswirtschaftskr\u00e4ften und Alltagsbegleiterinnen, die ihre Arbeit mit Leidenschaft aus\u00fcben. Uns verbindet der gemeinsame Anspruch, jeden Tag einen positiven Unterschied zu machen. Wir legen gro\u00dfen Wert auf regelm\u00e4\u00dfige Weiterbildungen, moderne Arbeitsmethoden und eine offene Kommunikationskultur, um stets die bestm\u00f6gliche Versorgung sicherzustellen.<\/h6><\/header>[\/vc_column_inner][\/vc_row_inner][\/vc_column][\/vc_row][vc_row full_width=&#8221;stretch_row&#8221; css=&#8221;.vc_custom_1555687851842{background-color: #f5f5f5 !important;}&#8221;][vc_column css=&#8221;.vc_custom_1516100816144{padding-right: 0px !important;padding-left: 0px !important;}&#8221;][vc_row_inner css=&#8221;.vc_custom_1763301450114{padding-top: 100px !important;padding-right: 15px !important;padding-bottom: 80px !important;padding-left: 15px !important;}&#8221;][vc_column_inner width=&#8221;5\/12&#8243; css=&#8221;.vc_custom_1555687922223{padding-top: 10px !important;padding-right: 130px !important;padding-left: 0px !important;}&#8221; offset=&#8221;vc_col-lg-5 vc_col-md-12&#8243;]<header class=\"kd-section-title col-lg-12 text-left  kd-animated fadeIn  \" data-animation-delay=200><h2 class=\"separator_off\" >Warum Pflegeteam Noor?<\/h2><h6 class=\"subtitle \" >Weil wir Pflege anders denken \u2013 pers\u00f6nlicher, zuverl\u00e4ssiger und mit echter Hingabe. Bei uns steht der Mensch im Mittelpunkt, nicht der Pflegefall. Wir nehmen uns Zeit, h\u00f6ren zu und entwickeln L\u00f6sungen, die genau zu Ihrer Lebenssituation passen. Unser Team arbeitet professionell, transparent und mit einem hohen Ma\u00df an Verantwortung, damit Sie sich auf uns verlassen k\u00f6nnen.<\/h6><\/header>[\/vc_column_inner][vc_column_inner width=&#8221;7\/12&#8243; offset=&#8221;vc_col-lg-7 vc_col-md-12&#8243; css=&#8221;.vc_custom_1763301471947{padding-top: 30px !important;}&#8221;]<div class=\"kd_progress_bar  \" ><div class=\"kd_progb_head\"><div class=\"kd-progb-static\"><div class=\"kd-progb-title\"><h4 >Individuelle Betreuung<\/h4><\/div><span class=\"kd_progressbarmarker\" >100%<\/span><\/div><\/div><div class=\"kd_progressbarfull thin-solid\">\n                  <div class=\"kd_progressbarfill\"  data-value=\"100\" data-time=\"2000\">\n                <\/div><\/div><div class=\"kd_progb_desc\"><\/div><\/div><div class=\"kd_progress_bar  \" ><div class=\"kd_progb_head\"><div class=\"kd-progb-static\"><div class=\"kd-progb-title\"><h4 >Verbindlichkeit<\/h4><\/div><span class=\"kd_progressbarmarker\" >100%<\/span><\/div><\/div><div class=\"kd_progressbarfull thin-solid\">\n                  <div class=\"kd_progressbarfill\"  data-value=\"100\" data-time=\"2000\">\n                <\/div><\/div><div class=\"kd_progb_desc\"><\/div><\/div><div class=\"kd_progress_bar  \" ><div class=\"kd_progb_head\"><div class=\"kd-progb-static\"><div class=\"kd-progb-title\"><h4 >Rund-um-die-Uhr-Erreichbarkeit<\/h4><\/div><span class=\"kd_progressbarmarker\" >100%<\/span><\/div><\/div><div class=\"kd_progressbarfull thin-solid\">\n                  <div class=\"kd_progressbarfill\"  data-value=\"100\" data-time=\"2000\">\n                <\/div><\/div><div class=\"kd_progb_desc\"><\/div><\/div><div class=\"kd_progress_bar  \" ><div class=\"kd_progb_head\"><div class=\"kd-progb-static\"><div class=\"kd-progb-title\"><h4 >Menschlichkeit im Mittelpunkt<\/h4><\/div><span class=\"kd_progressbarmarker\" >100%<\/span><\/div><\/div><div class=\"kd_progressbarfull thin-solid\">\n                  <div class=\"kd_progressbarfill\"  data-value=\"100\" data-time=\"2000\">\n                <\/div><\/div><div class=\"kd_progb_desc\"><\/div><\/div><div class=\"kd_progress_bar  \" ><div class=\"kd_progb_head\"><div class=\"kd-progb-static\"><div class=\"kd-progb-title\"><h4 >Menschlichkeit<\/h4><\/div><span class=\"kd_progressbarmarker\" >100%<\/span><\/div><\/div><div class=\"kd_progressbarfull thin-solid\">\n                  <div class=\"kd_progressbarfill\"  data-value=\"100\" data-time=\"2000\">\n                <\/div><\/div><div class=\"kd_progb_desc\"><\/div><\/div>[\/vc_column_inner][\/vc_row_inner][\/vc_column][\/vc_row]<\/p>\n<\/div>","protected":false},"excerpt":{"rendered":"<p>[vc_row full_width=&#8221;stretch_row&#8221; css=&#8221;.vc_custom_1555687939497{background-color: #f5f5f5 !important;}&#8221;][vc_column][vc_row_inner css=&#8221;.vc_custom_1513720913586{padding-top: 100px !important;padding-right: 100px !important;padding-bottom: 80px !important;padding-left: 100px !important;}&#8221;][vc_column_inner width=&#8221;1\/2&#8243; css=&#8221;.vc_custom_1541584818078{padding-right: 20px !important;}&#8221;][vc_empty_space height=&#8221;20px&#8221;][vc_single_image source=&#8221;external_link&#8221; [&hellip;]<\/p>\n","protected":false},"author":1,"featured_media":7651,"parent":0,"menu_order":0,"comment_status":"closed","ping_status":"closed","template":"","meta":{"footnotes":""},"class_list":["post-5720","page","type-page","status-publish","has-post-thumbnail","hentry"],"_links":{"self":[{"href":"https:\/\/pflegeteamnoor.de\/index.php?rest_route=\/wp\/v2\/pages\/5720","targetHints":{"allow":["GET"]}}],"collection":[{"href":"https:\/\/pflegeteamnoor.de\/index.php?rest_route=\/wp\/v2\/pages"}],"about":[{"href":"https:\/\/pflegeteamnoor.de\/index.php?rest_route=\/wp\/v2\/types\/page"}],"author":[{"embeddable":true,"href":"https:\/\/pflegeteamnoor.de\/index.php?rest_route=\/wp\/v2\/users\/1"}],"replies":[{"embeddable":true,"href":"https:\/\/pflegeteamnoor.de\/index.php?rest_route=%2Fwp%2Fv2%2Fcomments&post=5720"}],"version-history":[{"count":10,"href":"https:\/\/pflegeteamnoor.de\/index.php?rest_route=\/wp\/v2\/pages\/5720\/revisions"}],"predecessor-version":[{"id":7662,"href":"https:\/\/pflegeteamnoor.de\/index.php?rest_route=\/wp\/v2\/pages\/5720\/revisions\/7662"}],"wp:featuredmedia":[{"embeddable":true,"href":"https:\/\/pflegeteamnoor.de\/index.php?rest_route=\/wp\/v2\/media\/7651"}],"wp:attachment":[{"href":"https:\/\/pflegeteamnoor.de\/index.php?rest_route=%2Fwp%2Fv2%2Fmedia&parent=5720"}],"curies":[{"name":"wp","href":"https:\/\/api.w.org\/{rel}","templated":true}]}}